{"id":97,"date":"2021-04-14T11:29:32","date_gmt":"2021-04-14T11:29:32","guid":{"rendered":"http:\/\/dps.studiobonobo.pl\/?page_id=97"},"modified":"2021-05-20T21:32:46","modified_gmt":"2021-05-20T21:32:46","slug":"uslugi-wspomagajace","status":"publish","type":"page","link":"https:\/\/dpsjp2.pl\/index.php\/uslugi-wspomagajace\/","title":{"rendered":"Us\u0142ugi wspomagaj\u0105ce"},"content":{"rendered":"\n<h2 class=\"has-text-align-center wp-block-heading\">Us\u0142ugi wspomagaj\u0105ce<\/h2>\n\n\n\n<p><strong>Charakterystyka us\u0142ug wspomagaj\u0105cych<\/strong><\/p>\n\n\n\n<p>Celem zapewnienia w\/w us\u0142ug jest:<\/p>\n\n\n\n<ul class=\"wp-block-list\"><li>umo\u017cliwienie i&nbsp;anga\u017cowanie mieszka\u0144c\u00f3w do&nbsp;udzia\u0142u w&nbsp;terapii zaj\u0119ciowej,<\/li><li>podnoszenie sprawno\u015bci i&nbsp;aktywizowanie mieszka\u0144c\u00f3w domu,<\/li><li>umo\u017cliwienie zaspokojenia potrzeb religijnych i&nbsp;kulturalnych,<\/li><li>zapewnienie warunk\u00f3w do&nbsp;rozwoju samorz\u0105dno\u015bci mieszka\u0144c\u00f3w domu,<\/li><li>stymulowanie nawi\u0105zywania, utrzymywania i&nbsp;rozwijania kontaktu z&nbsp;rodzin\u0105 i&nbsp;spo\u0142eczno\u015bci\u0105&nbsp;lokaln\u0105,<\/li><li>motywowanie dzia\u0142a\u0144 zmierzaj\u0105cych do&nbsp;usamodzielnienia mieszka\u0144ca poprzez wykorzystanie indywidualnych mo\u017cliwo\u015bci,<\/li><li>pomoc usamodzielniaj\u0105cemu si\u0119 mieszka\u0144cowi domu w&nbsp;podj\u0119ciu pracy,<\/li><li>zapewnienie bezpiecznego przechowywania \u015brodk\u00f3w pieni\u0119\u017cnych i&nbsp;przedmiot\u00f3w&nbsp;warto\u015bciowych,<\/li><li>finansowanie mieszka\u0144cowi domu nieposiadaj\u0105cemu w\u0142asnego dochodu wydatk\u00f3w na&nbsp;niezb\u0119dne przedmioty osobistego u\u017cytku,<\/li><li>zapewnienia innych us\u0142ug i&nbsp;pomieszcze\u0144 s\u0142u\u017c\u0105ce zaspokajaniu potrzeb mieszka\u0144c\u00f3w domu<\/li><\/ul>\n\n\n\n<p>Zakres przedmiotowy realizowanych zada\u0144 obejmuje:<\/p>\n\n\n\n<ul class=\"wp-block-list\"><li>\u015bwiadczenie pracy socjalnej,<\/li><li>dost\u0119p do&nbsp;kompleksowej opieki psychologicznej,<\/li><li>mo\u017cliwo\u015b\u0107 kontaktu z&nbsp;kap\u0142anem i&nbsp;udzia\u0142 w&nbsp;praktykach religijnych w&nbsp;kaplicy Domu,<\/li><li>mo\u017cliwo\u015b\u0107 korzystania przez&nbsp;mieszka\u0144c\u00f3w domu z&nbsp;punktu udost\u0119pniania ksi\u0105\u017cek,<\/li><li>organizacj\u0119 \u015bwi\u0105t, uroczysto\u015bci okazjonalnych oraz&nbsp;umo\u017cliwienie udzia\u0142u w&nbsp;imprezach&nbsp;kulturalnych i&nbsp;turystycznych,&nbsp;dost\u0119p do&nbsp;prasy,<\/li><li>sprawienie pogrzebu, zgodnie z&nbsp;wyznaniem zmar\u0142ego mieszka\u0144ca domu,<\/li><li>posiadanie pokoju go\u015bcinnego dla odwiedzaj\u0105cej rodziny,<\/li><li>okazywanie mieszka\u0144com zainteresowania ich problemami, udzielanie wsparcia,&nbsp;\u0142agodzenie napi\u0119\u0107 i&nbsp;poczucia samotno\u015bci,<\/li><li>udzielanie mieszka\u0144com pomocy w&nbsp;roz\u0142adowywaniu negatywnych emocji,<\/li><li>prowadzenie indywidualnych i&nbsp;grupowych \u0107wicze\u0144 fizjoterapeutycznych,<\/li><li>wype\u0142nianie czasu wolnego mieszka\u0144com poprzez udzia\u0142 w&nbsp;terapii zaj\u0119ciowej,<\/li><li>podnoszenie sprawno\u015bci psychofizycznej i&nbsp;aktywizowanie mieszka\u0144c\u00f3w,<\/li><li>budzenie i&nbsp;rozwijanie u&nbsp;mieszka\u0144c\u00f3w odczu\u0107 estetycznych, wra\u017cliwo\u015bci muzycznej oraz&nbsp;wyobra\u017ani plastycznej,<\/li><li>pomoc w&nbsp;wykonywaniu lub wykonywanie higieny osobistej, ubieraniu, jedzeniu,<\/li><li>pomoc lub dokonywanie zakup\u00f3w odzie\u017cy i&nbsp;obuwia,<\/li><li>pomoc w&nbsp;korzystaniu z&nbsp;\u015bwiadcze\u0144 zdrowotnych<\/li><\/ul>\n\n\n\n<p><strong>Terapia<\/strong>&nbsp;jest jedn\u0105 z&nbsp;form usprawniania rehabilitacyjnego polegaj\u0105c\u0105 na&nbsp;dostosowaniu&nbsp;odpowiedniego zaj\u0119cia, czynno\u015bci do&nbsp;mo\u017cliwo\u015bci psychofizycznych mieszka\u0144ca, jego stanu&nbsp;zdrowia, zainteresowa\u0144, potrzeb, ch\u0119ci w&nbsp;formie indywidualnej lub grupowej. Wszystko&nbsp;po to&nbsp;by&nbsp;utrzyma\u0107, poprawi\u0107 lub wypracowa\u0107 na&nbsp;nowo sprawno\u015b\u0107 potrzebn\u0105 do&nbsp;lepszego&nbsp;funkcjonowania w&nbsp;spo\u0142ecze\u0144stwie. Terapia prowadzona jest w&nbsp;dw\u00f3ch pracowniach og\u00f3lnie&nbsp;usprawniaj\u0105cych i&nbsp;jednej specjalnie dedykowanej dla os\u00f3b u&nbsp;kt\u00f3rych&nbsp;zdiagnozowano&nbsp;zaburzenie pami\u0119ci typu Alzheimer. Ponadto terapia prowadzona jest tak\u017ce w&nbsp;pokojach&nbsp;mieszka\u0144c\u00f3w.<\/p>\n\n\n\n<p>Spo\u015br\u00f3d r\u00f3\u017cnych metod i&nbsp;technik realizowanych w&nbsp;Domu Pomocy Spo\u0142ecznej&nbsp;im. Jana Paw\u0142a II w&nbsp;Kielcach najwi\u0119ksz\u0105 popularno\u015bci\u0105 ciesz\u0105 si\u0119:<\/p>\n\n\n\n<p>W&nbsp;ramach ergoterapii proponowane s\u0105 takie metody i&nbsp;techniki jak:<\/p>\n\n\n\n<ul class=\"wp-block-list\"><li>Dziewiarstwo r\u0119czne: rob\u00f3tki na&nbsp;szyde\u0142ku, na&nbsp;drutach<\/li><li>Krawiectwo: szycie rzeczy u\u017cytkowych, zabawkarstwo, reperowanie odzie\u017cy<\/li><li>Tkactwo: tkanie na&nbsp;ramach tkackich, wyplatanie makat, tkanie ig\u0142\u0105 gobelinow\u0105<\/li><li>Stolarstwo: wyrzynanie, docinanie, czyszczenie papierem \u015bciernym, sklejanie<\/li><li>Hortikuloterapia \u2013 prace ogrodnicze np.&nbsp;sianie, sadzenie, plewienie<\/li><li>Filcowanie: na&nbsp;sucho, na&nbsp;mokro<\/li><li>Haftowanie<\/li><li>Nauka czynno\u015bci \u017cycia codziennego (ADL)<\/li><\/ul>\n\n\n\n<p>W&nbsp;arteterapii wykorzystuje si\u0119 takie metody jak:<\/p>\n\n\n\n<ul class=\"wp-block-list\"><li>Rysunek<\/li><li>Malarstwo<\/li><li>Rze\u017aba: w&nbsp;masach plastycznych, w&nbsp;drewnie, papieroplastyka, orgiami<\/li><li>Sztuki u\u017cytkowe: witra\u017c, collage<\/li><li>Zdobnictwo i&nbsp;dekoratorstwo: technika de\u2019coupage, florystyka, dekoracje<\/li><li>okoliczno\u015bciowe<\/li><li>Muzykoterapia: muzykoterapia bierna czyli s\u0142uchanie muzyki aktywizuj\u0105cej,<\/li><li>relaksacyjnej, wyjazdy na&nbsp;koncerty do&nbsp;Filharmonii, muzykoterapia czynna czyli<\/li><li>aktywne muzykowanie<\/li><li>Biblioterapia: czytanie g\u0142o\u015bne fragment\u00f3w lub ca\u0142o\u015bci ksi\u0105\u017cki czy&nbsp;tekstu i&nbsp;rozmowa po<\/li><li>przeczytaniu, s\u0142uchanie tekst\u00f3w biblioterapeutycznych aktywizuj\u0105cych b\u0105d\u017a<\/li><li>relaksacyjnych, poradnictwo biblioteczne, poezjoterapia .<\/li><li>Filmoterapia<\/li><li>Teatroterapia<\/li><\/ul>\n\n\n\n<p>W&nbsp;zakresie socjoterapii proponowane s\u0105 nast\u0119puj\u0105ce metody:<\/p>\n\n\n\n<ul class=\"wp-block-list\"><li>Ludoterapia \/ zabawoterapia: zabawy manipulacyjne, tematyczne, konstrukcyjne,<\/li><li>dydaktyczne, ruchowe<\/li><li>Werboterapia<\/li><\/ul>\n\n\n\n<p>W&nbsp;zakresie terapii ruchem (czyli kinezyterapii): \u0107wiczenia manipulacyjne np.&nbsp;\u0107wiczenia&nbsp;chwyt\u00f3w, manipulowania przedmiotami o&nbsp;r\u00f3\u017cnym ci\u0119\u017carze, wielko\u015bci, \u0107wiczenia rozwijaj\u0105ce&nbsp;sprawno\u015b\u0107 ko\u0144czyn g\u00f3rnych, silwoterapia.<\/p>\n","protected":false},"excerpt":{"rendered":"<p>Us\u0142ugi wspomagaj\u0105ce Charakterystyka us\u0142ug wspomagaj\u0105cych Celem zapewnienia w\/w us\u0142ug jest: umo\u017cliwienie i&nbsp;anga\u017cowanie mieszka\u0144c\u00f3w do&nbsp;udzia\u0142u w&nbsp;terapii zaj\u0119ciowej, podnoszenie sprawno\u015bci i&nbsp;aktywizowanie mieszka\u0144c\u00f3w domu, umo\u017cliwienie zaspokojenia potrzeb religijnych i&nbsp;kulturalnych, zapewnienie warunk\u00f3w do&nbsp;rozwoju samorz\u0105dno\u015bci mieszka\u0144c\u00f3w domu, stymulowanie nawi\u0105zywania, utrzymywania i&nbsp;rozwijania kontaktu z&nbsp;rodzin\u0105 i&nbsp;spo\u0142eczno\u015bci\u0105&nbsp;lokaln\u0105, motywowanie dzia\u0142a\u0144 zmierzaj\u0105cych do&nbsp;usamodzielnienia mieszka\u0144ca poprzez wykorzystanie indywidualnych mo\u017cliwo\u015bci, pomoc usamodzielniaj\u0105cemu si\u0119 mieszka\u0144cowi domu w&nbsp;podj\u0119ciu pracy,&hellip; <a class=\"more-link\" href=\"https:\/\/dpsjp2.pl\/index.php\/uslugi-wspomagajace\/\">Continue reading <span class=\"screen-reader-text\">Us\u0142ugi wspomagaj\u0105ce<\/span><\/a><\/p>\n","protected":false},"author":2,"featured_media":0,"parent":0,"menu_order":0,"comment_status":"closed","ping_status":"closed","template":"","meta":{"footnotes":""},"class_list":["post-97","page","type-page","status-publish","hentry","entry"],"_links":{"self":[{"href":"https:\/\/dpsjp2.pl\/index.php\/wp-json\/wp\/v2\/pages\/97","targetHints":{"allow":["GET"]}}],"collection":[{"href":"https:\/\/dpsjp2.pl\/index.php\/wp-json\/wp\/v2\/pages"}],"about":[{"href":"https:\/\/dpsjp2.pl\/index.php\/wp-json\/wp\/v2\/types\/page"}],"author":[{"embeddable":true,"href":"https:\/\/dpsjp2.pl\/index.php\/wp-json\/wp\/v2\/users\/2"}],"replies":[{"embeddable":true,"href":"https:\/\/dpsjp2.pl\/index.php\/wp-json\/wp\/v2\/comments?post=97"}],"version-history":[{"count":1,"href":"https:\/\/dpsjp2.pl\/index.php\/wp-json\/wp\/v2\/pages\/97\/revisions"}],"predecessor-version":[{"id":219,"href":"https:\/\/dpsjp2.pl\/index.php\/wp-json\/wp\/v2\/pages\/97\/revisions\/219"}],"wp:attachment":[{"href":"https:\/\/dpsjp2.pl\/index.php\/wp-json\/wp\/v2\/media?parent=97"}],"curies":[{"name":"wp","href":"https:\/\/api.w.org\/{rel}","templated":true}]}}