{"id":101,"date":"2021-04-14T11:31:18","date_gmt":"2021-04-14T11:31:18","guid":{"rendered":"http:\/\/dps.studiobonobo.pl\/?page_id=101"},"modified":"2021-05-20T21:36:08","modified_gmt":"2021-05-20T21:36:08","slug":"lokale-aktywizujace","status":"publish","type":"page","link":"https:\/\/dpsjp2.pl\/index.php\/lokale-aktywizujace\/","title":{"rendered":"Lokale aktywizuj\u0105ce"},"content":{"rendered":"\n<h2 class=\"has-text-align-center wp-block-heading\">Lokale aktywizuj\u0105ce<\/h2>\n\n\n\n<p>Dnia 9 wrze\u015bnia 2014 r. o\u00a0godzinie 10:00 odby\u0142o si\u0119 uroczyste otwarcie Lokali Aktywizuj\u0105cych w\u00a0Domu Pomocy Spo\u0142ecznej im.\u00a0Jana Paw\u0142a II w\u00a0Kielcach.<\/p>\n\n\n\n<p>Lokale Aktywizuj\u0105ce powsta\u0142y w&nbsp;ramach projektu Gminy Kielce pn.&nbsp;\u201ePoprawa jako\u015bci us\u0142ug opieki spo\u0142ecznej poprzez utworzenie lokali aktywizuj\u0105cych dla os\u00f3b starszych i&nbsp;niepe\u0142nosprawnych oraz&nbsp;podniesienie kwalifikacji zawodowych personelu Domu Pomocy Spo\u0142ecznej im.&nbsp;Jana Paw\u0142a II w&nbsp;Kielcach.\u201d realizowanego przez&nbsp;Miejski O\u015brodek Pomocy Rodzinie w&nbsp;Kielcach w&nbsp;terminie od&nbsp;21.06.2013 r. do&nbsp;30.09. 2015 r., kt\u00f3ry&nbsp;opiera si\u0119 na&nbsp;wcze\u015bniejszych znakomicie sprawdzaj\u0105cych si\u0119 do\u015bwiadczeniach samorz\u0105du Kielc, powielaj\u0105c ide\u0119 budowania mieszka\u0144 chronionych.<\/p>\n\n\n\n<p>Ca\u0142kowita warto\u015b\u0107 projektu wynosi 1 788 937,35 z\u0142otych. Informacje o&nbsp;tym wydarzeniu zamieszczone&nbsp;w&nbsp;lokalnych mediach.<\/p>\n","protected":false},"excerpt":{"rendered":"<p>Lokale aktywizuj\u0105ce Dnia 9 wrze\u015bnia 2014 r. o\u00a0godzinie 10:00 odby\u0142o si\u0119 uroczyste otwarcie Lokali Aktywizuj\u0105cych w\u00a0Domu Pomocy Spo\u0142ecznej im.\u00a0Jana Paw\u0142a II w\u00a0Kielcach. Lokale Aktywizuj\u0105ce powsta\u0142y w&nbsp;ramach projektu Gminy Kielce pn.&nbsp;\u201ePoprawa jako\u015bci us\u0142ug opieki spo\u0142ecznej poprzez utworzenie lokali aktywizuj\u0105cych dla os\u00f3b starszych i&nbsp;niepe\u0142nosprawnych oraz&nbsp;podniesienie kwalifikacji zawodowych personelu Domu Pomocy Spo\u0142ecznej im.&nbsp;Jana Paw\u0142a II w&nbsp;Kielcach.\u201d realizowanego przez&nbsp;Miejski&hellip; <a class=\"more-link\" href=\"https:\/\/dpsjp2.pl\/index.php\/lokale-aktywizujace\/\">Continue reading <span class=\"screen-reader-text\">Lokale aktywizuj\u0105ce<\/span><\/a><\/p>\n","protected":false},"author":2,"featured_media":0,"parent":0,"menu_order":0,"comment_status":"closed","ping_status":"closed","template":"","meta":{"footnotes":""},"class_list":["post-101","page","type-page","status-publish","hentry","entry"],"_links":{"self":[{"href":"https:\/\/dpsjp2.pl\/index.php\/wp-json\/wp\/v2\/pages\/101","targetHints":{"allow":["GET"]}}],"collection":[{"href":"https:\/\/dpsjp2.pl\/index.php\/wp-json\/wp\/v2\/pages"}],"about":[{"href":"https:\/\/dpsjp2.pl\/index.php\/wp-json\/wp\/v2\/types\/page"}],"author":[{"embeddable":true,"href":"https:\/\/dpsjp2.pl\/index.php\/wp-json\/wp\/v2\/users\/2"}],"replies":[{"embeddable":true,"href":"https:\/\/dpsjp2.pl\/index.php\/wp-json\/wp\/v2\/comments?post=101"}],"version-history":[{"count":1,"href":"https:\/\/dpsjp2.pl\/index.php\/wp-json\/wp\/v2\/pages\/101\/revisions"}],"predecessor-version":[{"id":221,"href":"https:\/\/dpsjp2.pl\/index.php\/wp-json\/wp\/v2\/pages\/101\/revisions\/221"}],"wp:attachment":[{"href":"https:\/\/dpsjp2.pl\/index.php\/wp-json\/wp\/v2\/media?parent=101"}],"curies":[{"name":"wp","href":"https:\/\/api.w.org\/{rel}","templated":true}]}}