{"id":154,"date":"2021-05-07T19:51:54","date_gmt":"2021-05-07T19:51:54","guid":{"rendered":"http:\/\/dps.studiobonobo.pl\/?page_id=154"},"modified":"2021-05-20T21:37:30","modified_gmt":"2021-05-20T21:37:30","slug":"projekt-covid-19","status":"publish","type":"page","link":"http:\/\/dpsjp2.pl\/index.php\/projekt-covid-19\/","title":{"rendered":"Projekt COVID-19"},"content":{"rendered":"\n<h2 class=\"has-text-align-center wp-block-heading\">Projekt COVID-19<\/h2>\n\n\n\n<p><strong>Projekt \u201eZapewnienie bezpiecze\u0144stwa i\u00a0opieki pacjentom oraz\u00a0bezpiecze\u0144stwa personelowi zak\u0142ad\u00f3w opieku\u0144czo-leczniczych, dom\u00f3w pomocy spo\u0142ecznej, zak\u0142ad\u00f3w piel\u0119gnacyjno-opieku\u0144czych i\u00a0hospicj\u00f3w na\u00a0czas COVID-19\u201d dla mieszka\u0144c\u00f3w i\u00a0pracownik\u00f3w Domu Pomocy Spo\u0142ecznej im.\u00a0Jana Paw\u0142a II<\/strong><\/p>\n\n\n\n<p>Dom Pomocy Spo\u0142ecznej im.&nbsp;Jana Paw\u0142a II w&nbsp;Kielcach jest grantobiorc\u0105 projektu \u201eZapewnienie bezpiecze\u0144stwa i&nbsp;opieki pacjentom oraz&nbsp;bezpiecze\u0144stwa personelowi zak\u0142ad\u00f3w opieku\u0144czo-leczniczych, dom\u00f3w pomocy spo\u0142ecznej, zak\u0142ad\u00f3w piel\u0119gnacyjno-opieku\u0144czych i&nbsp;hospicj\u00f3w na&nbsp;czas COVID-19\u201d.<br>Projekt realizowany jest w&nbsp;ramach Europejskiego Funduszu Spo\u0142ecznego. \u015arodki te pomog\u0105 ograniczy\u0107 negatywne skutki wyst\u0105pienia epidemii COVID-19 w\u015br\u00f3d pacjent\u00f3w i&nbsp;pensjonariuszy oraz&nbsp;personelu zak\u0142ad\u00f3w opieku\u0144czo-leczniczych, zak\u0142ad\u00f3w piel\u0119gnacyjno-opieku\u0144czych, hospicj\u00f3w oraz&nbsp;Dom\u00f3w Pomocy Spo\u0142ecznej.<br>\u015arodki finansowe z&nbsp;projektu PO&nbsp;WER to&nbsp;przede wszystkim fundusze na&nbsp;dodatkowe wynagrodzenia dla personelu. Ponadto, plac\u00f3wki b\u0119d\u0105 mog\u0142y r\u00f3wnie\u017c zakupi\u0107 ze&nbsp;\u015brodk\u00f3w projektu \u015brodki ochrony osobistej oraz&nbsp;\u015brodki dezynfekcyjne dla personelu oraz&nbsp;pacjent\u00f3w i&nbsp;mieszka\u0144c\u00f3w.<\/p>\n\n\n\n<div class=\"wp-block-image\"><figure class=\"aligncenter size-large\"><img loading=\"lazy\" decoding=\"async\" width=\"937\" height=\"725\" src=\"http:\/\/dpsjp2.pl\/wp-content\/uploads\/2021\/05\/PROJEKT-COVID19.jpg\" alt=\"\" class=\"wp-image-223\" srcset=\"http:\/\/dpsjp2.pl\/wp-content\/uploads\/2021\/05\/PROJEKT-COVID19.jpg 937w, http:\/\/dpsjp2.pl\/wp-content\/uploads\/2021\/05\/PROJEKT-COVID19-300x232.jpg 300w, http:\/\/dpsjp2.pl\/wp-content\/uploads\/2021\/05\/PROJEKT-COVID19-768x594.jpg 768w\" sizes=\"auto, (max-width: 937px) 100vw, 937px\" \/><\/figure><\/div>\n","protected":false},"excerpt":{"rendered":"<p>Projekt COVID-19 Projekt \u201eZapewnienie bezpiecze\u0144stwa i\u00a0opieki pacjentom oraz\u00a0bezpiecze\u0144stwa personelowi zak\u0142ad\u00f3w opieku\u0144czo-leczniczych, dom\u00f3w pomocy spo\u0142ecznej, zak\u0142ad\u00f3w piel\u0119gnacyjno-opieku\u0144czych i\u00a0hospicj\u00f3w na\u00a0czas COVID-19\u201d dla mieszka\u0144c\u00f3w i\u00a0pracownik\u00f3w Domu Pomocy Spo\u0142ecznej im.\u00a0Jana Paw\u0142a II Dom Pomocy Spo\u0142ecznej im.&nbsp;Jana Paw\u0142a II w&nbsp;Kielcach jest grantobiorc\u0105 projektu \u201eZapewnienie bezpiecze\u0144stwa i&nbsp;opieki pacjentom oraz&nbsp;bezpiecze\u0144stwa personelowi zak\u0142ad\u00f3w opieku\u0144czo-leczniczych, dom\u00f3w pomocy spo\u0142ecznej, zak\u0142ad\u00f3w piel\u0119gnacyjno-opieku\u0144czych i&nbsp;hospicj\u00f3w na&nbsp;czas COVID-19\u201d.Projekt realizowany&hellip; <a class=\"more-link\" href=\"http:\/\/dpsjp2.pl\/index.php\/projekt-covid-19\/\">Continue reading <span class=\"screen-reader-text\">Projekt COVID-19<\/span><\/a><\/p>\n","protected":false},"author":2,"featured_media":0,"parent":0,"menu_order":0,"comment_status":"closed","ping_status":"closed","template":"","meta":{"footnotes":""},"class_list":["post-154","page","type-page","status-publish","hentry","entry"],"_links":{"self":[{"href":"http:\/\/dpsjp2.pl\/index.php\/wp-json\/wp\/v2\/pages\/154","targetHints":{"allow":["GET"]}}],"collection":[{"href":"http:\/\/dpsjp2.pl\/index.php\/wp-json\/wp\/v2\/pages"}],"about":[{"href":"http:\/\/dpsjp2.pl\/index.php\/wp-json\/wp\/v2\/types\/page"}],"author":[{"embeddable":true,"href":"http:\/\/dpsjp2.pl\/index.php\/wp-json\/wp\/v2\/users\/2"}],"replies":[{"embeddable":true,"href":"http:\/\/dpsjp2.pl\/index.php\/wp-json\/wp\/v2\/comments?post=154"}],"version-history":[{"count":1,"href":"http:\/\/dpsjp2.pl\/index.php\/wp-json\/wp\/v2\/pages\/154\/revisions"}],"predecessor-version":[{"id":224,"href":"http:\/\/dpsjp2.pl\/index.php\/wp-json\/wp\/v2\/pages\/154\/revisions\/224"}],"wp:attachment":[{"href":"http:\/\/dpsjp2.pl\/index.php\/wp-json\/wp\/v2\/media?parent=154"}],"curies":[{"name":"wp","href":"https:\/\/api.w.org\/{rel}","templated":true}]}}