{"id":125,"date":"2021-05-06T19:20:34","date_gmt":"2021-05-06T19:20:34","guid":{"rendered":"http:\/\/dps.studiobonobo.pl\/?page_id=125"},"modified":"2021-05-20T21:30:34","modified_gmt":"2021-05-20T21:30:34","slug":"warsztaty-terapii-zajeciowej-2","status":"publish","type":"page","link":"http:\/\/dpsjp2.pl\/index.php\/warsztaty-terapii-zajeciowej-2\/","title":{"rendered":"Warsztaty Terapii Zaj\u0119ciowej"},"content":{"rendered":"\n<h2 class=\"has-text-align-center wp-block-heading\">Warsztaty Terapii Zaj\u0119ciowej<\/h2>\n\n\n\n<p>Osoby ch\u0119tne do\u00a0uczestnictwa w\u00a0zaj\u0119ciach prowadzonych przez\u00a0WTZ mog\u0105 kontaktowa\u0107 si\u0119 bezpo\u015brednio z\u00a0WTZ (nr\u00a0tel.\u00a0<em><a href=\"tel:413450165\" data-type=\"tel\" data-id=\"tel:413450165\">413450165<\/a><\/em>). Podania z\u00a0pro\u015bb\u0105 o\u00a0przyj\u0119cie mo\u017cna sk\u0142ada\u0107 w\u00a0WTZ lub sekretariacie DPS, MOPR.<\/p>\n\n\n\n<p>Kandydat\u00f3w do&nbsp;uczestnictwa w&nbsp;warsztacie, g\u0142\u00f3wnie osoby niepe\u0142nosprawne intelektualnie, kwalifikuje Dyrektor DPS zgodnie<br>ze wskazaniami do&nbsp;terapii zaj\u0119ciowej \/ do&nbsp;uczestnictwa w&nbsp;WTZ, zawartymi<br>w orzeczeniu o&nbsp;stopniu niepe\u0142nosprawno\u015bci wydanym przez&nbsp;w\u0142a\u015bciwy organ oraz&nbsp;w&nbsp;oparciu o&nbsp;opini\u0119 kierownika WTZ.<\/p>\n\n\n\n<p>Do&nbsp;podania powinny by\u0107 do\u0142\u0105czone nast\u0119puj\u0105ce dokumenty:<\/p>\n\n\n\n<ul class=\"wp-block-list\"><li>Orzeczenie o&nbsp;stopniu niepe\u0142nosprawno\u015bci (kserokopia, orygina\u0142<br>do wgl\u0105du)<\/li><li>Za\u015bwiadczenie o&nbsp;stanie zdrowia- w&nbsp;miar\u0119 mo\u017cliwo\u015bci oraz&nbsp;wyniki ostatnich bada\u0144, kserokopie kart szpitalnych, dotychczasowa dokumentacja medyczna<\/li><li>Ostatnie \u015bwiadectwo szkolne (kserokopia, orygina\u0142 do&nbsp;wgl\u0105du)<\/li><li>Dotychczasowe opinie psychologa (o&nbsp;ile kandydat takie posiada)<\/li><\/ul>\n\n\n\n<p>Po&nbsp;z\u0142o\u017ceniu podania, WTZ zak\u0142ada&nbsp;<em>KART\u0118 INFORMACYJN\u0104 KANDYDATA NA&nbsp;UCZESTNIKA,<\/em>&nbsp;kt\u00f3r\u0105 kierownik\/ psycholog WTZ wype\u0142niaj\u0105 w&nbsp;oparciu o&nbsp;wst\u0119pn\u0105 rozmow\u0119 kwalifikacyjn\u0105 z&nbsp;kandydatem i&nbsp;\/ lub opiekunem kandydata.<\/p>\n\n\n\n<p>Je\u017celi po&nbsp;wst\u0119pnej rozmowie kwalifikacyjnej zachodz\u0105 w\u0105tpliwo\u015bci co do&nbsp;mo\u017cliwo\u015bci kandydata w&nbsp;przysz\u0142ej realizacji programu rehabilitacji spo\u0142ecznej<br>i zawodowej, przeprowadza si\u0119 obserwacje kandydata w&nbsp;WTZ przez&nbsp;okres minimum 2 tygodni.<\/p>\n\n\n\n<p>W&nbsp;przypadku gdy&nbsp;brak jest miejsc w&nbsp;WTZ b\u0105d\u017a uczestnik nie&nbsp;kwalifikuje si\u0119 do&nbsp;WTZ, wskazuje si\u0119 mu inne plac\u00f3wki np.&nbsp;\u015aDS<\/p>\n\n\n\n<p>G\u0142\u00f3wne kryteria stosowane przy przyj\u0119ciu uczestnika:<\/p>\n\n\n\n<ul class=\"wp-block-list\"><li>Wa\u017cno\u015b\u0107 orzeczenia (wpis WTZ)<\/li><li>Rejon zamieszkania (pierwsze\u0144stwo maj\u0105 kandydaci b\u0119d\u0105cy mieszka\u0144cami powiatu grodzkiego Kielce)<\/li><li>Zdolno\u015b\u0107 do&nbsp;samoobs\u0142ugi i&nbsp;funkcjonowania w&nbsp;grupie<\/li><li>Kolejno\u015b\u0107 z\u0142o\u017cenia podania<\/li><\/ul>\n","protected":false},"excerpt":{"rendered":"<p>Warsztaty Terapii Zaj\u0119ciowej Osoby ch\u0119tne do\u00a0uczestnictwa w\u00a0zaj\u0119ciach prowadzonych przez\u00a0WTZ mog\u0105 kontaktowa\u0107 si\u0119 bezpo\u015brednio z\u00a0WTZ (nr\u00a0tel.\u00a0413450165). Podania z\u00a0pro\u015bb\u0105 o\u00a0przyj\u0119cie mo\u017cna sk\u0142ada\u0107 w\u00a0WTZ lub sekretariacie DPS, MOPR. Kandydat\u00f3w do&nbsp;uczestnictwa w&nbsp;warsztacie, g\u0142\u00f3wnie osoby niepe\u0142nosprawne intelektualnie, kwalifikuje Dyrektor DPS zgodnieze wskazaniami do&nbsp;terapii zaj\u0119ciowej \/ do&nbsp;uczestnictwa w&nbsp;WTZ, zawartymiw orzeczeniu o&nbsp;stopniu niepe\u0142nosprawno\u015bci wydanym przez&nbsp;w\u0142a\u015bciwy organ oraz&nbsp;w&nbsp;oparciu o&nbsp;opini\u0119 kierownika WTZ. Do&nbsp;podania powinny&hellip; <a class=\"more-link\" href=\"http:\/\/dpsjp2.pl\/index.php\/warsztaty-terapii-zajeciowej-2\/\">Continue reading <span class=\"screen-reader-text\">Warsztaty Terapii Zaj\u0119ciowej<\/span><\/a><\/p>\n","protected":false},"author":2,"featured_media":0,"parent":0,"menu_order":0,"comment_status":"closed","ping_status":"closed","template":"","meta":{"footnotes":""},"class_list":["post-125","page","type-page","status-publish","hentry","entry"],"_links":{"self":[{"href":"http:\/\/dpsjp2.pl\/index.php\/wp-json\/wp\/v2\/pages\/125","targetHints":{"allow":["GET"]}}],"collection":[{"href":"http:\/\/dpsjp2.pl\/index.php\/wp-json\/wp\/v2\/pages"}],"about":[{"href":"http:\/\/dpsjp2.pl\/index.php\/wp-json\/wp\/v2\/types\/page"}],"author":[{"embeddable":true,"href":"http:\/\/dpsjp2.pl\/index.php\/wp-json\/wp\/v2\/users\/2"}],"replies":[{"embeddable":true,"href":"http:\/\/dpsjp2.pl\/index.php\/wp-json\/wp\/v2\/comments?post=125"}],"version-history":[{"count":1,"href":"http:\/\/dpsjp2.pl\/index.php\/wp-json\/wp\/v2\/pages\/125\/revisions"}],"predecessor-version":[{"id":215,"href":"http:\/\/dpsjp2.pl\/index.php\/wp-json\/wp\/v2\/pages\/125\/revisions\/215"}],"wp:attachment":[{"href":"http:\/\/dpsjp2.pl\/index.php\/wp-json\/wp\/v2\/media?parent=125"}],"curies":[{"name":"wp","href":"https:\/\/api.w.org\/{rel}","templated":true}]}}